{"id":33001,"date":"2026-01-08T22:16:36","date_gmt":"2026-01-08T22:16:36","guid":{"rendered":"https:\/\/fireflydesigns.in\/wp9\/product\/havana-club-professional-edition-d-single-modernist-rum-70cl-40\/"},"modified":"2026-03-27T09:36:08","modified_gmt":"2026-03-27T09:36:08","slug":"havana-club-professional-edition-d-single-modernist-rum-70cl-40","status":"publish","type":"product","link":"https:\/\/fireflydesigns.in\/wp9\/product\/havana-club-professional-edition-d-single-modernist-rum-70cl-40\/","title":{"rendered":"Havana Club Professional Edition D Single Modernist Rum (70cl \/ 40%)"},"content":{"rendered":"<p>The Havana Club Professional Edition range matches up one of Havana&#8217;s top rum makers \u2013 the maestros roneros \u2013 with world renowned bartenders to create something new and different to Cuban distiller&#8217;s other rums. Edition D brings together drinks experts Alex Kratena and Carina Soto Vel\u00e1squez with rum makers Juan Carlos Gonz\u00e1lez and Salome Alem\u00e1n, and together they have created a rum inspired by Cuban terroir. A combination of youthful and slightly older rums, it showcases the flavour of the sugarcane it has come from, with a touch of minerality and some Agricole-like complexity.<\/p>\n\n    <div class=\"xs_social_share_widget xs_share_url after_content \t\tmain_content  wslu-style-1 wslu-share-box-shaped wslu-fill-colored wslu-none wslu-share-horizontal wslu-theme-font-no wslu-main_content\">\n\n\t\t\n        <ul>\n\t\t\t        <\/ul>\n    <\/div> \n","protected":false},"excerpt":{"rendered":"<p>The Havana Club Professional Edition range matches up one of Havana&#8217;s top rum makers \u2013 the maestros roneros \u2013 with world renowned bartenders to create something new and different to Cuban distiller&#8217;s other rums. Edition D brings together drinks experts Alex Kratena and Carina Soto Vel\u00e1squez with rum makers Juan Carlos Gonz\u00e1lez and Salome Alem\u00e1n, and together they have created a rum inspired by Cuban terroir. A combination of youthful and slightly older rums, it showcases the flavour of the sugarcane it has come from, with a touch of minerality and some Agricole-like complexity.<\/p>\n","protected":false},"featured_media":0,"comment_status":"open","ping_status":"closed","template":"","meta":{"_acf_changed":false,"pagelayer_contact_templates":[],"_pagelayer_content":""},"cigar-length":[],"product_brand":[],"product_cat":[15],"product_tag":[],"class_list":{"0":"post-33001","1":"product","2":"type-product","3":"status-publish","5":"product_cat-uncategorized","7":"first","8":"instock","9":"taxable","10":"shipping-taxable","11":"purchasable","12":"product-type-simple"},"acf":[],"yoast_head":"<!-- This site is optimized with the Yoast SEO plugin v26.7 - https:\/\/yoast.com\/wordpress\/plugins\/seo\/ -->\n<title>Havana Club Professional Edition D Single Modernist Rum (70cl \/ 40%) - SHAVE &amp; COASTER<\/title>\n<meta name=\"robots\" content=\"index, follow, max-snippet:-1, max-image-preview:large, max-video-preview:-1\" \/>\n<link rel=\"canonical\" href=\"https:\/\/fireflydesigns.in\/wp9\/product\/havana-club-professional-edition-d-single-modernist-rum-70cl-40\/\" \/>\n<meta property=\"og:locale\" content=\"en_US\" \/>\n<meta property=\"og:type\" content=\"article\" \/>\n<meta property=\"og:title\" content=\"Havana Club Professional Edition D Single Modernist Rum (70cl \/ 40%) - SHAVE &amp; COASTER\" \/>\n<meta property=\"og:description\" content=\"The Havana Club Professional Edition range matches up one of Havana&#039;s top rum makers \u2013 the maestros roneros \u2013 with world renowned bartenders to create something new and different to Cuban distiller&#039;s other rums. Edition D brings together drinks experts Alex Kratena and Carina Soto Vel\u00e1squez with rum makers Juan Carlos Gonz\u00e1lez and Salome Alem\u00e1n, and together they have created a rum inspired by Cuban terroir. A combination of youthful and slightly older rums, it showcases the flavour of the sugarcane it has come from, with a touch of minerality and some Agricole-like complexity.\" \/>\n<meta property=\"og:url\" content=\"https:\/\/fireflydesigns.in\/wp9\/product\/havana-club-professional-edition-d-single-modernist-rum-70cl-40\/\" \/>\n<meta property=\"og:site_name\" content=\"SHAVE &amp; COASTER\" \/>\n<meta property=\"article:modified_time\" content=\"2026-03-27T09:36:08+00:00\" \/>\n<meta name=\"twitter:card\" content=\"summary_large_image\" \/>\n<script type=\"application\/ld+json\" class=\"yoast-schema-graph\">{\"@context\":\"https:\/\/schema.org\",\"@graph\":[{\"@type\":\"WebPage\",\"@id\":\"https:\/\/fireflydesigns.in\/wp9\/product\/havana-club-professional-edition-d-single-modernist-rum-70cl-40\/\",\"url\":\"https:\/\/fireflydesigns.in\/wp9\/product\/havana-club-professional-edition-d-single-modernist-rum-70cl-40\/\",\"name\":\"Havana Club Professional Edition D Single Modernist Rum (70cl \/ 40%) - SHAVE &amp; COASTER\",\"isPartOf\":{\"@id\":\"https:\/\/fireflydesigns.in\/wp9\/#website\"},\"datePublished\":\"2026-01-08T22:16:36+00:00\",\"dateModified\":\"2026-03-27T09:36:08+00:00\",\"breadcrumb\":{\"@id\":\"https:\/\/fireflydesigns.in\/wp9\/product\/havana-club-professional-edition-d-single-modernist-rum-70cl-40\/#breadcrumb\"},\"inLanguage\":\"en-US\",\"potentialAction\":[{\"@type\":\"ReadAction\",\"target\":[\"https:\/\/fireflydesigns.in\/wp9\/product\/havana-club-professional-edition-d-single-modernist-rum-70cl-40\/\"]}]},{\"@type\":\"BreadcrumbList\",\"@id\":\"https:\/\/fireflydesigns.in\/wp9\/product\/havana-club-professional-edition-d-single-modernist-rum-70cl-40\/#breadcrumb\",\"itemListElement\":[{\"@type\":\"ListItem\",\"position\":1,\"name\":\"Home\",\"item\":\"https:\/\/fireflydesigns.in\/wp9\/\"},{\"@type\":\"ListItem\",\"position\":2,\"name\":\"Shop\",\"item\":\"https:\/\/fireflydesigns.in\/wp9\/shop\/\"},{\"@type\":\"ListItem\",\"position\":3,\"name\":\"Havana Club Professional Edition D Single Modernist Rum (70cl \/ 40%)\"}]},{\"@type\":\"WebSite\",\"@id\":\"https:\/\/fireflydesigns.in\/wp9\/#website\",\"url\":\"https:\/\/fireflydesigns.in\/wp9\/\",\"name\":\"SHAVE & COASTER\",\"description\":\"The Tobacconist\",\"publisher\":{\"@id\":\"https:\/\/fireflydesigns.in\/wp9\/#organization\"},\"potentialAction\":[{\"@type\":\"SearchAction\",\"target\":{\"@type\":\"EntryPoint\",\"urlTemplate\":\"https:\/\/fireflydesigns.in\/wp9\/?s={search_term_string}\"},\"query-input\":{\"@type\":\"PropertyValueSpecification\",\"valueRequired\":true,\"valueName\":\"search_term_string\"}}],\"inLanguage\":\"en-US\"},{\"@type\":\"Organization\",\"@id\":\"https:\/\/fireflydesigns.in\/wp9\/#organization\",\"name\":\"SHAVE & COASTER\",\"url\":\"https:\/\/fireflydesigns.in\/wp9\/\",\"logo\":{\"@type\":\"ImageObject\",\"inLanguage\":\"en-US\",\"@id\":\"https:\/\/fireflydesigns.in\/wp9\/#\/schema\/logo\/image\/\",\"url\":\"https:\/\/fireflydesigns.in\/wp9\/wp-content\/uploads\/2025\/09\/ShaveCoster.png\",\"contentUrl\":\"https:\/\/fireflydesigns.in\/wp9\/wp-content\/uploads\/2025\/09\/ShaveCoster.png\",\"width\":1165,\"height\":241,\"caption\":\"SHAVE & COASTER\"},\"image\":{\"@id\":\"https:\/\/fireflydesigns.in\/wp9\/#\/schema\/logo\/image\/\"}}]}<\/script>\n<!-- \/ Yoast SEO plugin. -->","yoast_head_json":{"title":"Havana Club Professional Edition D Single Modernist Rum (70cl \/ 40%) - SHAVE &amp; COASTER","robots":{"index":"index","follow":"follow","max-snippet":"max-snippet:-1","max-image-preview":"max-image-preview:large","max-video-preview":"max-video-preview:-1"},"canonical":"https:\/\/fireflydesigns.in\/wp9\/product\/havana-club-professional-edition-d-single-modernist-rum-70cl-40\/","og_locale":"en_US","og_type":"article","og_title":"Havana Club Professional Edition D Single Modernist Rum (70cl \/ 40%) - SHAVE &amp; COASTER","og_description":"The Havana Club Professional Edition range matches up one of Havana's top rum makers \u2013 the maestros roneros \u2013 with world renowned bartenders to create something new and different to Cuban distiller's other rums. Edition D brings together drinks experts Alex Kratena and Carina Soto Vel\u00e1squez with rum makers Juan Carlos Gonz\u00e1lez and Salome Alem\u00e1n, and together they have created a rum inspired by Cuban terroir. A combination of youthful and slightly older rums, it showcases the flavour of the sugarcane it has come from, with a touch of minerality and some Agricole-like complexity.","og_url":"https:\/\/fireflydesigns.in\/wp9\/product\/havana-club-professional-edition-d-single-modernist-rum-70cl-40\/","og_site_name":"SHAVE &amp; COASTER","article_modified_time":"2026-03-27T09:36:08+00:00","twitter_card":"summary_large_image","schema":{"@context":"https:\/\/schema.org","@graph":[{"@type":"WebPage","@id":"https:\/\/fireflydesigns.in\/wp9\/product\/havana-club-professional-edition-d-single-modernist-rum-70cl-40\/","url":"https:\/\/fireflydesigns.in\/wp9\/product\/havana-club-professional-edition-d-single-modernist-rum-70cl-40\/","name":"Havana Club Professional Edition D Single Modernist Rum (70cl \/ 40%) - SHAVE &amp; COASTER","isPartOf":{"@id":"https:\/\/fireflydesigns.in\/wp9\/#website"},"datePublished":"2026-01-08T22:16:36+00:00","dateModified":"2026-03-27T09:36:08+00:00","breadcrumb":{"@id":"https:\/\/fireflydesigns.in\/wp9\/product\/havana-club-professional-edition-d-single-modernist-rum-70cl-40\/#breadcrumb"},"inLanguage":"en-US","potentialAction":[{"@type":"ReadAction","target":["https:\/\/fireflydesigns.in\/wp9\/product\/havana-club-professional-edition-d-single-modernist-rum-70cl-40\/"]}]},{"@type":"BreadcrumbList","@id":"https:\/\/fireflydesigns.in\/wp9\/product\/havana-club-professional-edition-d-single-modernist-rum-70cl-40\/#breadcrumb","itemListElement":[{"@type":"ListItem","position":1,"name":"Home","item":"https:\/\/fireflydesigns.in\/wp9\/"},{"@type":"ListItem","position":2,"name":"Shop","item":"https:\/\/fireflydesigns.in\/wp9\/shop\/"},{"@type":"ListItem","position":3,"name":"Havana Club Professional Edition D Single Modernist Rum (70cl \/ 40%)"}]},{"@type":"WebSite","@id":"https:\/\/fireflydesigns.in\/wp9\/#website","url":"https:\/\/fireflydesigns.in\/wp9\/","name":"SHAVE & COASTER","description":"The Tobacconist","publisher":{"@id":"https:\/\/fireflydesigns.in\/wp9\/#organization"},"potentialAction":[{"@type":"SearchAction","target":{"@type":"EntryPoint","urlTemplate":"https:\/\/fireflydesigns.in\/wp9\/?s={search_term_string}"},"query-input":{"@type":"PropertyValueSpecification","valueRequired":true,"valueName":"search_term_string"}}],"inLanguage":"en-US"},{"@type":"Organization","@id":"https:\/\/fireflydesigns.in\/wp9\/#organization","name":"SHAVE & COASTER","url":"https:\/\/fireflydesigns.in\/wp9\/","logo":{"@type":"ImageObject","inLanguage":"en-US","@id":"https:\/\/fireflydesigns.in\/wp9\/#\/schema\/logo\/image\/","url":"https:\/\/fireflydesigns.in\/wp9\/wp-content\/uploads\/2025\/09\/ShaveCoster.png","contentUrl":"https:\/\/fireflydesigns.in\/wp9\/wp-content\/uploads\/2025\/09\/ShaveCoster.png","width":1165,"height":241,"caption":"SHAVE & COASTER"},"image":{"@id":"https:\/\/fireflydesigns.in\/wp9\/#\/schema\/logo\/image\/"}}]}},"_links":{"self":[{"href":"https:\/\/fireflydesigns.in\/wp9\/wp-json\/wp\/v2\/product\/33001","targetHints":{"allow":["GET"]}}],"collection":[{"href":"https:\/\/fireflydesigns.in\/wp9\/wp-json\/wp\/v2\/product"}],"about":[{"href":"https:\/\/fireflydesigns.in\/wp9\/wp-json\/wp\/v2\/types\/product"}],"replies":[{"embeddable":true,"href":"https:\/\/fireflydesigns.in\/wp9\/wp-json\/wp\/v2\/comments?post=33001"}],"wp:attachment":[{"href":"https:\/\/fireflydesigns.in\/wp9\/wp-json\/wp\/v2\/media?parent=33001"}],"wp:term":[{"taxonomy":"cigar-length","embeddable":true,"href":"https:\/\/fireflydesigns.in\/wp9\/wp-json\/wp\/v2\/cigar-length?post=33001"},{"taxonomy":"product_brand","embeddable":true,"href":"https:\/\/fireflydesigns.in\/wp9\/wp-json\/wp\/v2\/product_brand?post=33001"},{"taxonomy":"product_cat","embeddable":true,"href":"https:\/\/fireflydesigns.in\/wp9\/wp-json\/wp\/v2\/product_cat?post=33001"},{"taxonomy":"product_tag","embeddable":true,"href":"https:\/\/fireflydesigns.in\/wp9\/wp-json\/wp\/v2\/product_tag?post=33001"}],"curies":[{"name":"wp","href":"https:\/\/api.w.org\/{rel}","templated":true}]}}