{"id":31058,"date":"2026-01-08T22:11:36","date_gmt":"2026-01-08T22:11:36","guid":{"rendered":"https:\/\/fireflydesigns.in\/wp9\/product\/my-father-le-bijou-corona-extra-limited-edition-2022-single\/"},"modified":"2026-04-20T00:00:20","modified_gmt":"2026-04-20T00:00:20","slug":"my-father-le-bijou-corona-extra-limited-edition-2022-single","status":"publish","type":"product","link":"https:\/\/fireflydesigns.in\/wp9\/product\/my-father-le-bijou-corona-extra-limited-edition-2022-single\/","title":{"rendered":"My Father Le Bijou Corona Extra Limited Edition 2022 &#8211; Single"},"content":{"rendered":"<p data-end=\"443\" data-start=\"56\">To commemorate what would have been the 100th birthday of Jos\u00e9 Garcia Alay\u00f3n, the father of master blender Jos\u00e9 \u201cPepin\u201d Garcia, My Father Cigars has released a remarkable tribute in the form of the <em data-end=\"304\" data-start=\"254\">My Father Le Bijou 1922 100 A\u00f1os Limited Edition<\/em>. This celebratory cigar pays homage to the family patriarch with a blend that refines and elevates the original <em data-end=\"432\" data-start=\"417\">Le Bijou 1922<\/em> profile.<\/p>\n<p data-end=\"928\" data-start=\"445\">Crafted entirely from Nicaraguan tobaccos grown on the Garcia family\u2019s own farms\u2014San Rafael, Las Quebradas, and San Jose\u2014this cigar is a true Nicaraguan puro. It features a stunningly dark <em data-end=\"656\" data-start=\"634\">Habano Oscuro Oscuro<\/em> wrapper that has undergone an extended fermentation process designed to unlock its full range of complex aromas and rich, layered flavours. The result is a deeply aromatic cigar that captures the essence of the Garcia family\u2019s dedication to craftsmanship and tradition.<\/p>\n<p data-end=\"1233\" data-start=\"930\">Hand-rolled at the renowned <em data-end=\"981\" data-start=\"958\">My Father Cigars S.A.<\/em> factory in Estel\u00ed, the <em data-end=\"1045\" data-start=\"1005\">Le Bijou 1922 100 A\u00f1os Limited Edition<\/em> offers a refined, medium-to-full-bodied smoking experience. Expect notes of dark cocoa, espresso, leather, and toasted spice balanced by subtle sweetness and a smooth, lingering finish.<\/p>\n<p data-end=\"1473\" data-start=\"1235\">Beautifully constructed in an elegant 6 \u00bd&#8221; x 44 Lonsdale vitola, this limited-edition release not only showcases the Garcia family\u2019s exceptional blending skills but also serves as a heartfelt tribute to the legacy of Jos\u00e9 Garcia Alay\u00f3n.<\/p>\n<p data-end=\"1495\" data-start=\"1475\"><strong data-end=\"1493\" data-start=\"1475\">Cigar Details:<\/strong><\/p>\n<ul data-end=\"1769\" data-start=\"1496\">\n<li data-end=\"1521\" data-start=\"1496\">\n<p data-end=\"1521\" data-start=\"1498\"><strong data-end=\"1509\" data-start=\"1498\">Origin:<\/strong> Nicaragua<\/p>\n<\/li>\n<li data-end=\"1560\" data-start=\"1522\">\n<p data-end=\"1560\" data-start=\"1524\"><strong data-end=\"1536\" data-start=\"1524\">Factory:<\/strong> My Father Cigars S.A.<\/p>\n<\/li>\n<li data-end=\"1609\" data-start=\"1561\">\n<p data-end=\"1609\" data-start=\"1563\"><strong data-end=\"1575\" data-start=\"1563\">Wrapper:<\/strong> Nicaraguan Oscuro<\/p>\n<\/li>\n<li data-end=\"1635\" data-start=\"1610\">\n<p data-end=\"1635\" data-start=\"1612\"><strong data-end=\"1623\" data-start=\"1612\">Binder:<\/strong> Nicaragua<\/p>\n<\/li>\n<li data-end=\"1661\" data-start=\"1636\">\n<p data-end=\"1661\" data-start=\"1638\"><strong data-end=\"1649\" data-start=\"1638\">Filler:<\/strong> Nicaragua<\/p>\n<\/li>\n<li data-end=\"1688\" data-start=\"1662\">\n<p data-end=\"1688\" data-start=\"1664\"><strong data-end=\"1675\" data-start=\"1664\">Length:<\/strong> 6 \u00bd inches<\/p>\n<\/li>\n<li data-end=\"1711\" data-start=\"1689\">\n<p data-end=\"1711\" data-start=\"1691\"><strong data-end=\"1706\" data-start=\"1691\">Ring Gauge:<\/strong> 44<\/p>\n<\/li>\n<li data-end=\"1736\" data-start=\"1712\">\n<p data-end=\"1736\" data-start=\"1714\"><strong data-end=\"1725\" data-start=\"1714\">Vitola:<\/strong> Lonsdale<\/p>\n<\/li>\n<li data-end=\"1769\" data-start=\"1737\">\n<p data-end=\"1769\" data-start=\"1739\"><strong data-end=\"1752\" data-start=\"1739\">Strength:<\/strong> Medium to Full<\/p>\n<\/li>\n<\/ul>\n\n    <div class=\"xs_social_share_widget xs_share_url after_content \t\tmain_content  wslu-style-1 wslu-share-box-shaped wslu-fill-colored wslu-none wslu-share-horizontal wslu-theme-font-no wslu-main_content\">\n\n\t\t\n        <ul>\n\t\t\t        <\/ul>\n    <\/div> \n","protected":false},"excerpt":{"rendered":"<p>A tribute to Jos\u00e9 Garcia Alay\u00f3n\u2019s 100th birthday, the My Father Le Bijou 1922 100 A\u00f1os Limited Edition is a Nicaraguan puro crafted from estate-grown tobaccos and finished with a rich Habano Oscuro wrapper. Expect complex layers of cocoa, espresso, spice, and sweetness in a beautifully balanced, medium-to-full-bodied smoke.<\/p>\n","protected":false},"featured_media":0,"comment_status":"open","ping_status":"closed","template":"","meta":{"_acf_changed":false,"pagelayer_contact_templates":[],"_pagelayer_content":""},"cigar-length":[],"product_brand":[],"product_cat":[15],"product_tag":[],"class_list":{"0":"post-31058","1":"product","2":"type-product","3":"status-publish","5":"product_cat-uncategorized","7":"first","8":"instock","9":"taxable","10":"shipping-taxable","11":"purchasable","12":"product-type-simple"},"acf":[],"yoast_head":"<!-- This site is optimized with the Yoast SEO plugin v26.7 - https:\/\/yoast.com\/wordpress\/plugins\/seo\/ -->\n<title>My Father Le Bijou Corona Extra Limited Edition 2022 - Single - SHAVE &amp; COASTER<\/title>\n<meta name=\"robots\" content=\"index, follow, max-snippet:-1, max-image-preview:large, max-video-preview:-1\" \/>\n<link rel=\"canonical\" href=\"https:\/\/fireflydesigns.in\/wp9\/product\/my-father-le-bijou-corona-extra-limited-edition-2022-single\/\" \/>\n<meta property=\"og:locale\" content=\"en_US\" \/>\n<meta property=\"og:type\" content=\"article\" \/>\n<meta property=\"og:title\" content=\"My Father Le Bijou Corona Extra Limited Edition 2022 - Single - SHAVE &amp; COASTER\" \/>\n<meta property=\"og:description\" content=\"A tribute to Jos\u00e9 Garcia Alay\u00f3n\u2019s 100th birthday, the My Father Le Bijou 1922 100 A\u00f1os Limited Edition is a Nicaraguan puro crafted from estate-grown tobaccos and finished with a rich Habano Oscuro wrapper. Expect complex layers of cocoa, espresso, spice, and sweetness in a beautifully balanced, medium-to-full-bodied smoke.\" \/>\n<meta property=\"og:url\" content=\"https:\/\/fireflydesigns.in\/wp9\/product\/my-father-le-bijou-corona-extra-limited-edition-2022-single\/\" \/>\n<meta property=\"og:site_name\" content=\"SHAVE &amp; COASTER\" \/>\n<meta property=\"article:modified_time\" content=\"2026-04-20T00:00:20+00:00\" \/>\n<meta name=\"twitter:card\" content=\"summary_large_image\" \/>\n<meta name=\"twitter:label1\" content=\"Est. reading time\" \/>\n\t<meta name=\"twitter:data1\" content=\"1 minute\" \/>\n<script type=\"application\/ld+json\" class=\"yoast-schema-graph\">{\"@context\":\"https:\/\/schema.org\",\"@graph\":[{\"@type\":\"WebPage\",\"@id\":\"https:\/\/fireflydesigns.in\/wp9\/product\/my-father-le-bijou-corona-extra-limited-edition-2022-single\/\",\"url\":\"https:\/\/fireflydesigns.in\/wp9\/product\/my-father-le-bijou-corona-extra-limited-edition-2022-single\/\",\"name\":\"My Father Le Bijou Corona Extra Limited Edition 2022 - Single - SHAVE &amp; COASTER\",\"isPartOf\":{\"@id\":\"https:\/\/fireflydesigns.in\/wp9\/#website\"},\"datePublished\":\"2026-01-08T22:11:36+00:00\",\"dateModified\":\"2026-04-20T00:00:20+00:00\",\"breadcrumb\":{\"@id\":\"https:\/\/fireflydesigns.in\/wp9\/product\/my-father-le-bijou-corona-extra-limited-edition-2022-single\/#breadcrumb\"},\"inLanguage\":\"en-US\",\"potentialAction\":[{\"@type\":\"ReadAction\",\"target\":[\"https:\/\/fireflydesigns.in\/wp9\/product\/my-father-le-bijou-corona-extra-limited-edition-2022-single\/\"]}]},{\"@type\":\"BreadcrumbList\",\"@id\":\"https:\/\/fireflydesigns.in\/wp9\/product\/my-father-le-bijou-corona-extra-limited-edition-2022-single\/#breadcrumb\",\"itemListElement\":[{\"@type\":\"ListItem\",\"position\":1,\"name\":\"Home\",\"item\":\"https:\/\/fireflydesigns.in\/wp9\/\"},{\"@type\":\"ListItem\",\"position\":2,\"name\":\"Shop\",\"item\":\"https:\/\/fireflydesigns.in\/wp9\/shop\/\"},{\"@type\":\"ListItem\",\"position\":3,\"name\":\"My Father Le Bijou Corona Extra Limited Edition 2022 &#8211; Single\"}]},{\"@type\":\"WebSite\",\"@id\":\"https:\/\/fireflydesigns.in\/wp9\/#website\",\"url\":\"https:\/\/fireflydesigns.in\/wp9\/\",\"name\":\"SHAVE & COASTER\",\"description\":\"The Tobacconist\",\"publisher\":{\"@id\":\"https:\/\/fireflydesigns.in\/wp9\/#organization\"},\"potentialAction\":[{\"@type\":\"SearchAction\",\"target\":{\"@type\":\"EntryPoint\",\"urlTemplate\":\"https:\/\/fireflydesigns.in\/wp9\/?s={search_term_string}\"},\"query-input\":{\"@type\":\"PropertyValueSpecification\",\"valueRequired\":true,\"valueName\":\"search_term_string\"}}],\"inLanguage\":\"en-US\"},{\"@type\":\"Organization\",\"@id\":\"https:\/\/fireflydesigns.in\/wp9\/#organization\",\"name\":\"SHAVE & COASTER\",\"url\":\"https:\/\/fireflydesigns.in\/wp9\/\",\"logo\":{\"@type\":\"ImageObject\",\"inLanguage\":\"en-US\",\"@id\":\"https:\/\/fireflydesigns.in\/wp9\/#\/schema\/logo\/image\/\",\"url\":\"https:\/\/fireflydesigns.in\/wp9\/wp-content\/uploads\/2025\/09\/ShaveCoster.png\",\"contentUrl\":\"https:\/\/fireflydesigns.in\/wp9\/wp-content\/uploads\/2025\/09\/ShaveCoster.png\",\"width\":1165,\"height\":241,\"caption\":\"SHAVE & COASTER\"},\"image\":{\"@id\":\"https:\/\/fireflydesigns.in\/wp9\/#\/schema\/logo\/image\/\"}}]}<\/script>\n<!-- \/ Yoast SEO plugin. -->","yoast_head_json":{"title":"My Father Le Bijou Corona Extra Limited Edition 2022 - Single - SHAVE &amp; COASTER","robots":{"index":"index","follow":"follow","max-snippet":"max-snippet:-1","max-image-preview":"max-image-preview:large","max-video-preview":"max-video-preview:-1"},"canonical":"https:\/\/fireflydesigns.in\/wp9\/product\/my-father-le-bijou-corona-extra-limited-edition-2022-single\/","og_locale":"en_US","og_type":"article","og_title":"My Father Le Bijou Corona Extra Limited Edition 2022 - Single - SHAVE &amp; COASTER","og_description":"A tribute to Jos\u00e9 Garcia Alay\u00f3n\u2019s 100th birthday, the My Father Le Bijou 1922 100 A\u00f1os Limited Edition is a Nicaraguan puro crafted from estate-grown tobaccos and finished with a rich Habano Oscuro wrapper. Expect complex layers of cocoa, espresso, spice, and sweetness in a beautifully balanced, medium-to-full-bodied smoke.","og_url":"https:\/\/fireflydesigns.in\/wp9\/product\/my-father-le-bijou-corona-extra-limited-edition-2022-single\/","og_site_name":"SHAVE &amp; COASTER","article_modified_time":"2026-04-20T00:00:20+00:00","twitter_card":"summary_large_image","twitter_misc":{"Est. reading time":"1 minute"},"schema":{"@context":"https:\/\/schema.org","@graph":[{"@type":"WebPage","@id":"https:\/\/fireflydesigns.in\/wp9\/product\/my-father-le-bijou-corona-extra-limited-edition-2022-single\/","url":"https:\/\/fireflydesigns.in\/wp9\/product\/my-father-le-bijou-corona-extra-limited-edition-2022-single\/","name":"My Father Le Bijou Corona Extra Limited Edition 2022 - Single - SHAVE &amp; COASTER","isPartOf":{"@id":"https:\/\/fireflydesigns.in\/wp9\/#website"},"datePublished":"2026-01-08T22:11:36+00:00","dateModified":"2026-04-20T00:00:20+00:00","breadcrumb":{"@id":"https:\/\/fireflydesigns.in\/wp9\/product\/my-father-le-bijou-corona-extra-limited-edition-2022-single\/#breadcrumb"},"inLanguage":"en-US","potentialAction":[{"@type":"ReadAction","target":["https:\/\/fireflydesigns.in\/wp9\/product\/my-father-le-bijou-corona-extra-limited-edition-2022-single\/"]}]},{"@type":"BreadcrumbList","@id":"https:\/\/fireflydesigns.in\/wp9\/product\/my-father-le-bijou-corona-extra-limited-edition-2022-single\/#breadcrumb","itemListElement":[{"@type":"ListItem","position":1,"name":"Home","item":"https:\/\/fireflydesigns.in\/wp9\/"},{"@type":"ListItem","position":2,"name":"Shop","item":"https:\/\/fireflydesigns.in\/wp9\/shop\/"},{"@type":"ListItem","position":3,"name":"My Father Le Bijou Corona Extra Limited Edition 2022 &#8211; Single"}]},{"@type":"WebSite","@id":"https:\/\/fireflydesigns.in\/wp9\/#website","url":"https:\/\/fireflydesigns.in\/wp9\/","name":"SHAVE & COASTER","description":"The Tobacconist","publisher":{"@id":"https:\/\/fireflydesigns.in\/wp9\/#organization"},"potentialAction":[{"@type":"SearchAction","target":{"@type":"EntryPoint","urlTemplate":"https:\/\/fireflydesigns.in\/wp9\/?s={search_term_string}"},"query-input":{"@type":"PropertyValueSpecification","valueRequired":true,"valueName":"search_term_string"}}],"inLanguage":"en-US"},{"@type":"Organization","@id":"https:\/\/fireflydesigns.in\/wp9\/#organization","name":"SHAVE & COASTER","url":"https:\/\/fireflydesigns.in\/wp9\/","logo":{"@type":"ImageObject","inLanguage":"en-US","@id":"https:\/\/fireflydesigns.in\/wp9\/#\/schema\/logo\/image\/","url":"https:\/\/fireflydesigns.in\/wp9\/wp-content\/uploads\/2025\/09\/ShaveCoster.png","contentUrl":"https:\/\/fireflydesigns.in\/wp9\/wp-content\/uploads\/2025\/09\/ShaveCoster.png","width":1165,"height":241,"caption":"SHAVE & COASTER"},"image":{"@id":"https:\/\/fireflydesigns.in\/wp9\/#\/schema\/logo\/image\/"}}]}},"_links":{"self":[{"href":"https:\/\/fireflydesigns.in\/wp9\/wp-json\/wp\/v2\/product\/31058","targetHints":{"allow":["GET"]}}],"collection":[{"href":"https:\/\/fireflydesigns.in\/wp9\/wp-json\/wp\/v2\/product"}],"about":[{"href":"https:\/\/fireflydesigns.in\/wp9\/wp-json\/wp\/v2\/types\/product"}],"replies":[{"embeddable":true,"href":"https:\/\/fireflydesigns.in\/wp9\/wp-json\/wp\/v2\/comments?post=31058"}],"wp:attachment":[{"href":"https:\/\/fireflydesigns.in\/wp9\/wp-json\/wp\/v2\/media?parent=31058"}],"wp:term":[{"taxonomy":"cigar-length","embeddable":true,"href":"https:\/\/fireflydesigns.in\/wp9\/wp-json\/wp\/v2\/cigar-length?post=31058"},{"taxonomy":"product_brand","embeddable":true,"href":"https:\/\/fireflydesigns.in\/wp9\/wp-json\/wp\/v2\/product_brand?post=31058"},{"taxonomy":"product_cat","embeddable":true,"href":"https:\/\/fireflydesigns.in\/wp9\/wp-json\/wp\/v2\/product_cat?post=31058"},{"taxonomy":"product_tag","embeddable":true,"href":"https:\/\/fireflydesigns.in\/wp9\/wp-json\/wp\/v2\/product_tag?post=31058"}],"curies":[{"name":"wp","href":"https:\/\/api.w.org\/{rel}","templated":true}]}}