{"id":24583,"date":"2025-09-23T08:50:52","date_gmt":"2025-09-23T08:50:52","guid":{"rendered":"https:\/\/fireflydesigns.in\/wp9\/?post_type=product&#038;p=24583"},"modified":"2026-03-27T09:33:59","modified_gmt":"2026-03-27T09:33:59","slug":"vegueros-centrofinos-cigar-single","status":"publish","type":"product","link":"https:\/\/fireflydesigns.in\/wp9\/product\/vegueros-centrofinos-cigar-single\/","title":{"rendered":"Vegueros Centrofinos Cigar &#8211; Single"},"content":{"rendered":"<p>The Vegueros Centrofinos cigar, a standout robusto from the revitalised Cuban Vegueros marque, measures precisely 5\u215b inches (five and one-eighth inches) in length with a 50 ring gauge, ideal for a focused 45-minute smoking session. Rolled at the venerable Francisco P\u00e9rez Germ\u00e1n factory in Pinar del R\u00edo using 100% Vuelta Abajo tobaccos, it boasts a rustic Colorado Maduro corojo wrapper leaf\u2014oily, textured, and veined for character\u2014over a medio tiempo-infused binder and filler blend rich in ligero for concentrated potency. Lighting yields a firm draw and steady, ashen burn with dense clouds of aromatic smoke. The first third bursts with earthy cedar and dark espresso, accented by supple leather and white pepper zest. Mid-smoke evolves into toasted hazelnuts, bittersweet chocolate, dried figs, and subtle vanilla creaminess, laced with mineral salinity from volcanic soils. Final stages crescendo with balsamic resin, roasted cocoa, and lingering spice, balancing power and finesse without harshness. Launched in 2019 as Vegueros&#8217; largest vitola, this medium-to-full-bodied puro captures the raw essence of its tobacco-growing heritage, appealing to connoisseurs seeking authentic Cuban depth. Packaged in boxes of 16 or fresh packs of 4, it pairs exquisitely with peaty Scotch or black coffee, embodying Pinar del R\u00edo&#8217;s unyielding tradition.<\/p>\n\n    <div class=\"xs_social_share_widget xs_share_url after_content \t\tmain_content  wslu-style-1 wslu-share-box-shaped wslu-fill-colored wslu-none wslu-share-horizontal wslu-theme-font-no wslu-main_content\">\n\n\t\t\n        <ul>\n\t\t\t        <\/ul>\n    <\/div> \n","protected":false},"excerpt":{"rendered":"<p>The Vegueros Centrofinos, a premium Cuban robusto, measures 5\u215b inches long with a 50 ring gauge, hailing from Pinar del R\u00edo&#8217;s famed Vuelta Abajo plantations. Handmade with corojo wrapper and medio tiempo-rich filler and binder, it delivers medium-to-full strength over 45 minutes. Earthy cedar, dark espresso, leather, toasted nuts, and peppery spice evolve with woody depth, vanilla creaminess, and subtle chocolate, offering a smooth draw, even burn, and complex, satisfying finish.<\/p>\n","protected":false},"featured_media":23951,"comment_status":"open","ping_status":"closed","template":"","meta":{"_acf_changed":false,"pagelayer_contact_templates":[],"_pagelayer_content":""},"cigar-length":[],"product_brand":[],"product_cat":[612],"product_tag":[],"class_list":{"0":"post-24583","1":"product","2":"type-product","3":"status-publish","4":"has-post-thumbnail","6":"product_cat-vegueros-cigars-cuban-cigars","7":"pa_cigar-origin-cuba","8":"pa_packaging-single","10":"first","11":"instock","12":"taxable","13":"shipping-taxable","14":"purchasable","15":"product-type-simple"},"acf":[],"yoast_head":"<!-- This site is optimized with the Yoast SEO plugin v26.7 - https:\/\/yoast.com\/wordpress\/plugins\/seo\/ -->\n<title>Vegueros Centrofinos Cigar - Single - SHAVE &amp; COASTER<\/title>\n<meta name=\"robots\" content=\"index, follow, max-snippet:-1, max-image-preview:large, max-video-preview:-1\" \/>\n<link rel=\"canonical\" href=\"https:\/\/fireflydesigns.in\/wp9\/product\/vegueros-centrofinos-cigar-single\/\" \/>\n<meta property=\"og:locale\" content=\"en_US\" \/>\n<meta property=\"og:type\" content=\"article\" \/>\n<meta property=\"og:title\" content=\"Vegueros Centrofinos Cigar - Single - SHAVE &amp; COASTER\" \/>\n<meta property=\"og:description\" content=\"The Vegueros Centrofinos, a premium Cuban robusto, measures 5\u215b inches long with a 50 ring gauge, hailing from Pinar del R\u00edo&#039;s famed Vuelta Abajo plantations. Handmade with corojo wrapper and medio tiempo-rich filler and binder, it delivers medium-to-full strength over 45 minutes. Earthy cedar, dark espresso, leather, toasted nuts, and peppery spice evolve with woody depth, vanilla creaminess, and subtle chocolate, offering a smooth draw, even burn, and complex, satisfying finish.\" \/>\n<meta property=\"og:url\" content=\"https:\/\/fireflydesigns.in\/wp9\/product\/vegueros-centrofinos-cigar-single\/\" \/>\n<meta property=\"og:site_name\" content=\"SHAVE &amp; COASTER\" \/>\n<meta property=\"article:modified_time\" content=\"2026-03-27T09:33:59+00:00\" \/>\n<meta property=\"og:image\" content=\"https:\/\/fireflydesigns.in\/wp9\/wp-content\/uploads\/2025\/09\/vegueroscentrofinossingle1.webp\" \/>\n\t<meta property=\"og:image:width\" content=\"555\" \/>\n\t<meta property=\"og:image:height\" content=\"555\" \/>\n\t<meta property=\"og:image:type\" content=\"image\/webp\" \/>\n<meta name=\"twitter:card\" content=\"summary_large_image\" \/>\n<meta name=\"twitter:label1\" content=\"Est. reading time\" \/>\n\t<meta name=\"twitter:data1\" content=\"1 minute\" \/>\n<script type=\"application\/ld+json\" class=\"yoast-schema-graph\">{\"@context\":\"https:\/\/schema.org\",\"@graph\":[{\"@type\":\"WebPage\",\"@id\":\"https:\/\/fireflydesigns.in\/wp9\/product\/vegueros-centrofinos-cigar-single\/\",\"url\":\"https:\/\/fireflydesigns.in\/wp9\/product\/vegueros-centrofinos-cigar-single\/\",\"name\":\"Vegueros Centrofinos Cigar - Single - SHAVE &amp; COASTER\",\"isPartOf\":{\"@id\":\"https:\/\/fireflydesigns.in\/wp9\/#website\"},\"primaryImageOfPage\":{\"@id\":\"https:\/\/fireflydesigns.in\/wp9\/product\/vegueros-centrofinos-cigar-single\/#primaryimage\"},\"image\":{\"@id\":\"https:\/\/fireflydesigns.in\/wp9\/product\/vegueros-centrofinos-cigar-single\/#primaryimage\"},\"thumbnailUrl\":\"https:\/\/fireflydesigns.in\/wp9\/wp-content\/uploads\/2025\/09\/vegueroscentrofinossingle1.webp\",\"datePublished\":\"2025-09-23T08:50:52+00:00\",\"dateModified\":\"2026-03-27T09:33:59+00:00\",\"breadcrumb\":{\"@id\":\"https:\/\/fireflydesigns.in\/wp9\/product\/vegueros-centrofinos-cigar-single\/#breadcrumb\"},\"inLanguage\":\"en-US\",\"potentialAction\":[{\"@type\":\"ReadAction\",\"target\":[\"https:\/\/fireflydesigns.in\/wp9\/product\/vegueros-centrofinos-cigar-single\/\"]}]},{\"@type\":\"ImageObject\",\"inLanguage\":\"en-US\",\"@id\":\"https:\/\/fireflydesigns.in\/wp9\/product\/vegueros-centrofinos-cigar-single\/#primaryimage\",\"url\":\"https:\/\/fireflydesigns.in\/wp9\/wp-content\/uploads\/2025\/09\/vegueroscentrofinossingle1.webp\",\"contentUrl\":\"https:\/\/fireflydesigns.in\/wp9\/wp-content\/uploads\/2025\/09\/vegueroscentrofinossingle1.webp\",\"width\":555,\"height\":555},{\"@type\":\"BreadcrumbList\",\"@id\":\"https:\/\/fireflydesigns.in\/wp9\/product\/vegueros-centrofinos-cigar-single\/#breadcrumb\",\"itemListElement\":[{\"@type\":\"ListItem\",\"position\":1,\"name\":\"Home\",\"item\":\"https:\/\/fireflydesigns.in\/wp9\/\"},{\"@type\":\"ListItem\",\"position\":2,\"name\":\"Shop\",\"item\":\"https:\/\/fireflydesigns.in\/wp9\/shop\/\"},{\"@type\":\"ListItem\",\"position\":3,\"name\":\"Vegueros Centrofinos Cigar &#8211; Single\"}]},{\"@type\":\"WebSite\",\"@id\":\"https:\/\/fireflydesigns.in\/wp9\/#website\",\"url\":\"https:\/\/fireflydesigns.in\/wp9\/\",\"name\":\"SHAVE & COASTER\",\"description\":\"The Tobacconist\",\"publisher\":{\"@id\":\"https:\/\/fireflydesigns.in\/wp9\/#organization\"},\"potentialAction\":[{\"@type\":\"SearchAction\",\"target\":{\"@type\":\"EntryPoint\",\"urlTemplate\":\"https:\/\/fireflydesigns.in\/wp9\/?s={search_term_string}\"},\"query-input\":{\"@type\":\"PropertyValueSpecification\",\"valueRequired\":true,\"valueName\":\"search_term_string\"}}],\"inLanguage\":\"en-US\"},{\"@type\":\"Organization\",\"@id\":\"https:\/\/fireflydesigns.in\/wp9\/#organization\",\"name\":\"SHAVE & COASTER\",\"url\":\"https:\/\/fireflydesigns.in\/wp9\/\",\"logo\":{\"@type\":\"ImageObject\",\"inLanguage\":\"en-US\",\"@id\":\"https:\/\/fireflydesigns.in\/wp9\/#\/schema\/logo\/image\/\",\"url\":\"https:\/\/fireflydesigns.in\/wp9\/wp-content\/uploads\/2025\/09\/ShaveCoster.png\",\"contentUrl\":\"https:\/\/fireflydesigns.in\/wp9\/wp-content\/uploads\/2025\/09\/ShaveCoster.png\",\"width\":1165,\"height\":241,\"caption\":\"SHAVE & COASTER\"},\"image\":{\"@id\":\"https:\/\/fireflydesigns.in\/wp9\/#\/schema\/logo\/image\/\"}}]}<\/script>\n<!-- \/ Yoast SEO plugin. -->","yoast_head_json":{"title":"Vegueros Centrofinos Cigar - Single - SHAVE &amp; COASTER","robots":{"index":"index","follow":"follow","max-snippet":"max-snippet:-1","max-image-preview":"max-image-preview:large","max-video-preview":"max-video-preview:-1"},"canonical":"https:\/\/fireflydesigns.in\/wp9\/product\/vegueros-centrofinos-cigar-single\/","og_locale":"en_US","og_type":"article","og_title":"Vegueros Centrofinos Cigar - Single - SHAVE &amp; COASTER","og_description":"The Vegueros Centrofinos, a premium Cuban robusto, measures 5\u215b inches long with a 50 ring gauge, hailing from Pinar del R\u00edo's famed Vuelta Abajo plantations. Handmade with corojo wrapper and medio tiempo-rich filler and binder, it delivers medium-to-full strength over 45 minutes. Earthy cedar, dark espresso, leather, toasted nuts, and peppery spice evolve with woody depth, vanilla creaminess, and subtle chocolate, offering a smooth draw, even burn, and complex, satisfying finish.","og_url":"https:\/\/fireflydesigns.in\/wp9\/product\/vegueros-centrofinos-cigar-single\/","og_site_name":"SHAVE &amp; COASTER","article_modified_time":"2026-03-27T09:33:59+00:00","og_image":[{"width":555,"height":555,"url":"https:\/\/fireflydesigns.in\/wp9\/wp-content\/uploads\/2025\/09\/vegueroscentrofinossingle1.webp","type":"image\/webp"}],"twitter_card":"summary_large_image","twitter_misc":{"Est. reading time":"1 minute"},"schema":{"@context":"https:\/\/schema.org","@graph":[{"@type":"WebPage","@id":"https:\/\/fireflydesigns.in\/wp9\/product\/vegueros-centrofinos-cigar-single\/","url":"https:\/\/fireflydesigns.in\/wp9\/product\/vegueros-centrofinos-cigar-single\/","name":"Vegueros Centrofinos Cigar - Single - SHAVE &amp; COASTER","isPartOf":{"@id":"https:\/\/fireflydesigns.in\/wp9\/#website"},"primaryImageOfPage":{"@id":"https:\/\/fireflydesigns.in\/wp9\/product\/vegueros-centrofinos-cigar-single\/#primaryimage"},"image":{"@id":"https:\/\/fireflydesigns.in\/wp9\/product\/vegueros-centrofinos-cigar-single\/#primaryimage"},"thumbnailUrl":"https:\/\/fireflydesigns.in\/wp9\/wp-content\/uploads\/2025\/09\/vegueroscentrofinossingle1.webp","datePublished":"2025-09-23T08:50:52+00:00","dateModified":"2026-03-27T09:33:59+00:00","breadcrumb":{"@id":"https:\/\/fireflydesigns.in\/wp9\/product\/vegueros-centrofinos-cigar-single\/#breadcrumb"},"inLanguage":"en-US","potentialAction":[{"@type":"ReadAction","target":["https:\/\/fireflydesigns.in\/wp9\/product\/vegueros-centrofinos-cigar-single\/"]}]},{"@type":"ImageObject","inLanguage":"en-US","@id":"https:\/\/fireflydesigns.in\/wp9\/product\/vegueros-centrofinos-cigar-single\/#primaryimage","url":"https:\/\/fireflydesigns.in\/wp9\/wp-content\/uploads\/2025\/09\/vegueroscentrofinossingle1.webp","contentUrl":"https:\/\/fireflydesigns.in\/wp9\/wp-content\/uploads\/2025\/09\/vegueroscentrofinossingle1.webp","width":555,"height":555},{"@type":"BreadcrumbList","@id":"https:\/\/fireflydesigns.in\/wp9\/product\/vegueros-centrofinos-cigar-single\/#breadcrumb","itemListElement":[{"@type":"ListItem","position":1,"name":"Home","item":"https:\/\/fireflydesigns.in\/wp9\/"},{"@type":"ListItem","position":2,"name":"Shop","item":"https:\/\/fireflydesigns.in\/wp9\/shop\/"},{"@type":"ListItem","position":3,"name":"Vegueros Centrofinos Cigar &#8211; Single"}]},{"@type":"WebSite","@id":"https:\/\/fireflydesigns.in\/wp9\/#website","url":"https:\/\/fireflydesigns.in\/wp9\/","name":"SHAVE & COASTER","description":"The Tobacconist","publisher":{"@id":"https:\/\/fireflydesigns.in\/wp9\/#organization"},"potentialAction":[{"@type":"SearchAction","target":{"@type":"EntryPoint","urlTemplate":"https:\/\/fireflydesigns.in\/wp9\/?s={search_term_string}"},"query-input":{"@type":"PropertyValueSpecification","valueRequired":true,"valueName":"search_term_string"}}],"inLanguage":"en-US"},{"@type":"Organization","@id":"https:\/\/fireflydesigns.in\/wp9\/#organization","name":"SHAVE & COASTER","url":"https:\/\/fireflydesigns.in\/wp9\/","logo":{"@type":"ImageObject","inLanguage":"en-US","@id":"https:\/\/fireflydesigns.in\/wp9\/#\/schema\/logo\/image\/","url":"https:\/\/fireflydesigns.in\/wp9\/wp-content\/uploads\/2025\/09\/ShaveCoster.png","contentUrl":"https:\/\/fireflydesigns.in\/wp9\/wp-content\/uploads\/2025\/09\/ShaveCoster.png","width":1165,"height":241,"caption":"SHAVE & COASTER"},"image":{"@id":"https:\/\/fireflydesigns.in\/wp9\/#\/schema\/logo\/image\/"}}]}},"_links":{"self":[{"href":"https:\/\/fireflydesigns.in\/wp9\/wp-json\/wp\/v2\/product\/24583","targetHints":{"allow":["GET"]}}],"collection":[{"href":"https:\/\/fireflydesigns.in\/wp9\/wp-json\/wp\/v2\/product"}],"about":[{"href":"https:\/\/fireflydesigns.in\/wp9\/wp-json\/wp\/v2\/types\/product"}],"replies":[{"embeddable":true,"href":"https:\/\/fireflydesigns.in\/wp9\/wp-json\/wp\/v2\/comments?post=24583"}],"wp:featuredmedia":[{"embeddable":true,"href":"https:\/\/fireflydesigns.in\/wp9\/wp-json\/wp\/v2\/media\/23951"}],"wp:attachment":[{"href":"https:\/\/fireflydesigns.in\/wp9\/wp-json\/wp\/v2\/media?parent=24583"}],"wp:term":[{"taxonomy":"cigar-length","embeddable":true,"href":"https:\/\/fireflydesigns.in\/wp9\/wp-json\/wp\/v2\/cigar-length?post=24583"},{"taxonomy":"product_brand","embeddable":true,"href":"https:\/\/fireflydesigns.in\/wp9\/wp-json\/wp\/v2\/product_brand?post=24583"},{"taxonomy":"product_cat","embeddable":true,"href":"https:\/\/fireflydesigns.in\/wp9\/wp-json\/wp\/v2\/product_cat?post=24583"},{"taxonomy":"product_tag","embeddable":true,"href":"https:\/\/fireflydesigns.in\/wp9\/wp-json\/wp\/v2\/product_tag?post=24583"}],"curies":[{"name":"wp","href":"https:\/\/api.w.org\/{rel}","templated":true}]}}