{"id":20502,"date":"2025-09-23T08:23:29","date_gmt":"2025-09-23T08:23:29","guid":{"rendered":"https:\/\/fireflydesigns.in\/wp9\/?post_type=product&#038;p=20502"},"modified":"2026-03-27T09:33:08","modified_gmt":"2026-03-27T09:33:08","slug":"ramon-allones-gigantes-cigar-single","status":"publish","type":"product","link":"https:\/\/fireflydesigns.in\/wp9\/product\/ramon-allones-gigantes-cigar-single\/","title":{"rendered":"Ramon Allones Gigantes Cigar &#8211; Single"},"content":{"rendered":"<p>The Ram\u00f3n Allones Gigantes stands as a pinnacle of Cuban cigar artistry, a majestic Prominentes vitola (194mm long, 49 ring gauge) handcrafted tripa larga, totalmente a mano at the venerable Ram\u00f3n Allones factory in Havana since the marque&#8217;s founding in 1845 by Don Ram\u00f3n Allones y Garc\u00eda, honouring his legacy of selecting finest Vuelta Abajo leaves. Its supple, oily Colorado claro wrapper veils a core of premium Piloto Criollo and Corojo fillers with Ligero binder, yielding pre-light aromas of cocoa, cedar, leather, earth, and subtle pepper spice that herald an epic journey. Upon ignition, the first third unfolds creamy elegance with white pepper tingle, vanilla cream, gentle earthiness, and floral hints, transitioning seamlessly into buttery pecan smoothness, whipped caramel sweetness, roasted nuts, graham cracker, and woody maturity by the halfway mark. Deeper progression amplifies complexity: dark chocolate, roasted coffee, green pepper zing, ginger spice, mocha, nutmeg, wet earth, exotic woods, crisped herbs, toffee, black pepper resurgence, leather undertones, woodsmoke, and savoury meatiness, culminating in a potent final third of heavy soil, toast, burnt caramel, and spiced crescendo without bitterness. Exemplary construction ensures flawless draw, impeccable even burn, dense silvery ash, and voluminous smoke, sustaining medium-to-full body over 2 hours for profound contemplation\u2014best savoured post-dinner with aged rum, cognac, or espresso. Acclaimed for consistency (seldom below 90 points), nutty-floral-herbal balance, spicy-earthy depth with coffee-dried fruit, and velvety palate luxury, it rewards veterans seeking power refined by 5+ years&#8217; humidor ageing, cementing its status among world&#8217;s elite Double Coronas.<\/p>\n\n    <div class=\"xs_social_share_widget xs_share_url after_content \t\tmain_content  wslu-style-1 wslu-share-box-shaped wslu-fill-colored wslu-none wslu-share-horizontal wslu-theme-font-no wslu-main_content\">\n\n\t\t\n        <ul>\n\t\t\t        <\/ul>\n    <\/div> \n","protected":false},"excerpt":{"rendered":"<p>The Ram\u00f3n Allones Gigantes epitomises Cuban cigar majesty in its commanding Prominentes vitola, hand-rolled tripa larga, totalmente a mano at the iconic Havana factory, precisely 194mm long with a 49 ring gauge, harnessing premium Vuelta Abajo tobaccos since the brand&#8217;s 1845 inception. Its elegant, elastic Colorado wrapper exudes pre-light notes of cocoa, cedar, leather, and pepper; ignition unfolds elegant creaminess with nuts, delicate wood, green pepper zing, honey, mocha, ginger, coffee, wet earth, exotic woods, woodsmoke, crisped herbs, toffee, spiced nuts, and burnt caramel over 2 hours from subtle fruity poise to sweet-spicy-savory crescendo. Superlative construction yields flawless draw, even burn, and dense ash; destined for regal contemplation with cognac by connoisseurs, its refined power deepens profoundly after 5+ years&#8217; ageing.<\/p>\n","protected":false},"featured_media":21756,"comment_status":"open","ping_status":"closed","template":"","meta":{"_acf_changed":false,"pagelayer_contact_templates":[],"_pagelayer_content":""},"cigar-length":[],"product_brand":[],"product_cat":[466,480],"product_tag":[],"class_list":{"0":"post-20502","1":"product","2":"type-product","3":"status-publish","4":"has-post-thumbnail","6":"product_cat-cigars","7":"product_cat-ramon-allones-cigars","8":"pa_cigar-origin-cuba","9":"pa_packaging-single","11":"first","12":"outofstock","13":"taxable","14":"shipping-taxable","15":"purchasable","16":"product-type-simple"},"acf":[],"yoast_head":"<!-- This site is optimized with the Yoast SEO plugin v26.7 - https:\/\/yoast.com\/wordpress\/plugins\/seo\/ -->\n<title>Ramon Allones Gigantes Cigar - Single - SHAVE &amp; COASTER<\/title>\n<meta name=\"robots\" content=\"index, follow, max-snippet:-1, max-image-preview:large, max-video-preview:-1\" \/>\n<link rel=\"canonical\" href=\"https:\/\/fireflydesigns.in\/wp9\/product\/ramon-allones-gigantes-cigar-single\/\" \/>\n<meta property=\"og:locale\" content=\"en_US\" \/>\n<meta property=\"og:type\" content=\"article\" \/>\n<meta property=\"og:title\" content=\"Ramon Allones Gigantes Cigar - Single - SHAVE &amp; COASTER\" \/>\n<meta property=\"og:description\" content=\"The Ram\u00f3n Allones Gigantes epitomises Cuban cigar majesty in its commanding Prominentes vitola, hand-rolled tripa larga, totalmente a mano at the iconic Havana factory, precisely 194mm long with a 49 ring gauge, harnessing premium Vuelta Abajo tobaccos since the brand&#039;s 1845 inception. Its elegant, elastic Colorado wrapper exudes pre-light notes of cocoa, cedar, leather, and pepper; ignition unfolds elegant creaminess with nuts, delicate wood, green pepper zing, honey, mocha, ginger, coffee, wet earth, exotic woods, woodsmoke, crisped herbs, toffee, spiced nuts, and burnt caramel over 2 hours from subtle fruity poise to sweet-spicy-savory crescendo. Superlative construction yields flawless draw, even burn, and dense ash; destined for regal contemplation with cognac by connoisseurs, its refined power deepens profoundly after 5+ years&#039; ageing.\" \/>\n<meta property=\"og:url\" content=\"https:\/\/fireflydesigns.in\/wp9\/product\/ramon-allones-gigantes-cigar-single\/\" \/>\n<meta property=\"og:site_name\" content=\"SHAVE &amp; COASTER\" \/>\n<meta property=\"article:modified_time\" content=\"2026-03-27T09:33:08+00:00\" \/>\n<meta property=\"og:image\" content=\"https:\/\/fireflydesigns.in\/wp9\/wp-content\/uploads\/2025\/09\/ramonallonesgigantes-1.webp\" \/>\n\t<meta property=\"og:image:width\" content=\"555\" \/>\n\t<meta property=\"og:image:height\" content=\"555\" \/>\n\t<meta property=\"og:image:type\" content=\"image\/webp\" \/>\n<meta name=\"twitter:card\" content=\"summary_large_image\" \/>\n<meta name=\"twitter:label1\" content=\"Est. reading time\" \/>\n\t<meta name=\"twitter:data1\" content=\"1 minute\" \/>\n<script type=\"application\/ld+json\" class=\"yoast-schema-graph\">{\"@context\":\"https:\/\/schema.org\",\"@graph\":[{\"@type\":\"WebPage\",\"@id\":\"https:\/\/fireflydesigns.in\/wp9\/product\/ramon-allones-gigantes-cigar-single\/\",\"url\":\"https:\/\/fireflydesigns.in\/wp9\/product\/ramon-allones-gigantes-cigar-single\/\",\"name\":\"Ramon Allones Gigantes Cigar - Single - SHAVE &amp; COASTER\",\"isPartOf\":{\"@id\":\"https:\/\/fireflydesigns.in\/wp9\/#website\"},\"primaryImageOfPage\":{\"@id\":\"https:\/\/fireflydesigns.in\/wp9\/product\/ramon-allones-gigantes-cigar-single\/#primaryimage\"},\"image\":{\"@id\":\"https:\/\/fireflydesigns.in\/wp9\/product\/ramon-allones-gigantes-cigar-single\/#primaryimage\"},\"thumbnailUrl\":\"https:\/\/fireflydesigns.in\/wp9\/wp-content\/uploads\/2025\/09\/ramonallonesgigantes-1.webp\",\"datePublished\":\"2025-09-23T08:23:29+00:00\",\"dateModified\":\"2026-03-27T09:33:08+00:00\",\"breadcrumb\":{\"@id\":\"https:\/\/fireflydesigns.in\/wp9\/product\/ramon-allones-gigantes-cigar-single\/#breadcrumb\"},\"inLanguage\":\"en-US\",\"potentialAction\":[{\"@type\":\"ReadAction\",\"target\":[\"https:\/\/fireflydesigns.in\/wp9\/product\/ramon-allones-gigantes-cigar-single\/\"]}]},{\"@type\":\"ImageObject\",\"inLanguage\":\"en-US\",\"@id\":\"https:\/\/fireflydesigns.in\/wp9\/product\/ramon-allones-gigantes-cigar-single\/#primaryimage\",\"url\":\"https:\/\/fireflydesigns.in\/wp9\/wp-content\/uploads\/2025\/09\/ramonallonesgigantes-1.webp\",\"contentUrl\":\"https:\/\/fireflydesigns.in\/wp9\/wp-content\/uploads\/2025\/09\/ramonallonesgigantes-1.webp\",\"width\":555,\"height\":555},{\"@type\":\"BreadcrumbList\",\"@id\":\"https:\/\/fireflydesigns.in\/wp9\/product\/ramon-allones-gigantes-cigar-single\/#breadcrumb\",\"itemListElement\":[{\"@type\":\"ListItem\",\"position\":1,\"name\":\"Home\",\"item\":\"https:\/\/fireflydesigns.in\/wp9\/\"},{\"@type\":\"ListItem\",\"position\":2,\"name\":\"Shop\",\"item\":\"https:\/\/fireflydesigns.in\/wp9\/shop\/\"},{\"@type\":\"ListItem\",\"position\":3,\"name\":\"Ramon Allones Gigantes Cigar &#8211; Single\"}]},{\"@type\":\"WebSite\",\"@id\":\"https:\/\/fireflydesigns.in\/wp9\/#website\",\"url\":\"https:\/\/fireflydesigns.in\/wp9\/\",\"name\":\"SHAVE & COASTER\",\"description\":\"The Tobacconist\",\"publisher\":{\"@id\":\"https:\/\/fireflydesigns.in\/wp9\/#organization\"},\"potentialAction\":[{\"@type\":\"SearchAction\",\"target\":{\"@type\":\"EntryPoint\",\"urlTemplate\":\"https:\/\/fireflydesigns.in\/wp9\/?s={search_term_string}\"},\"query-input\":{\"@type\":\"PropertyValueSpecification\",\"valueRequired\":true,\"valueName\":\"search_term_string\"}}],\"inLanguage\":\"en-US\"},{\"@type\":\"Organization\",\"@id\":\"https:\/\/fireflydesigns.in\/wp9\/#organization\",\"name\":\"SHAVE & COASTER\",\"url\":\"https:\/\/fireflydesigns.in\/wp9\/\",\"logo\":{\"@type\":\"ImageObject\",\"inLanguage\":\"en-US\",\"@id\":\"https:\/\/fireflydesigns.in\/wp9\/#\/schema\/logo\/image\/\",\"url\":\"https:\/\/fireflydesigns.in\/wp9\/wp-content\/uploads\/2025\/09\/ShaveCoster.png\",\"contentUrl\":\"https:\/\/fireflydesigns.in\/wp9\/wp-content\/uploads\/2025\/09\/ShaveCoster.png\",\"width\":1165,\"height\":241,\"caption\":\"SHAVE & COASTER\"},\"image\":{\"@id\":\"https:\/\/fireflydesigns.in\/wp9\/#\/schema\/logo\/image\/\"}}]}<\/script>\n<!-- \/ Yoast SEO plugin. -->","yoast_head_json":{"title":"Ramon Allones Gigantes Cigar - Single - SHAVE &amp; COASTER","robots":{"index":"index","follow":"follow","max-snippet":"max-snippet:-1","max-image-preview":"max-image-preview:large","max-video-preview":"max-video-preview:-1"},"canonical":"https:\/\/fireflydesigns.in\/wp9\/product\/ramon-allones-gigantes-cigar-single\/","og_locale":"en_US","og_type":"article","og_title":"Ramon Allones Gigantes Cigar - Single - SHAVE &amp; COASTER","og_description":"The Ram\u00f3n Allones Gigantes epitomises Cuban cigar majesty in its commanding Prominentes vitola, hand-rolled tripa larga, totalmente a mano at the iconic Havana factory, precisely 194mm long with a 49 ring gauge, harnessing premium Vuelta Abajo tobaccos since the brand's 1845 inception. Its elegant, elastic Colorado wrapper exudes pre-light notes of cocoa, cedar, leather, and pepper; ignition unfolds elegant creaminess with nuts, delicate wood, green pepper zing, honey, mocha, ginger, coffee, wet earth, exotic woods, woodsmoke, crisped herbs, toffee, spiced nuts, and burnt caramel over 2 hours from subtle fruity poise to sweet-spicy-savory crescendo. Superlative construction yields flawless draw, even burn, and dense ash; destined for regal contemplation with cognac by connoisseurs, its refined power deepens profoundly after 5+ years' ageing.","og_url":"https:\/\/fireflydesigns.in\/wp9\/product\/ramon-allones-gigantes-cigar-single\/","og_site_name":"SHAVE &amp; COASTER","article_modified_time":"2026-03-27T09:33:08+00:00","og_image":[{"width":555,"height":555,"url":"https:\/\/fireflydesigns.in\/wp9\/wp-content\/uploads\/2025\/09\/ramonallonesgigantes-1.webp","type":"image\/webp"}],"twitter_card":"summary_large_image","twitter_misc":{"Est. reading time":"1 minute"},"schema":{"@context":"https:\/\/schema.org","@graph":[{"@type":"WebPage","@id":"https:\/\/fireflydesigns.in\/wp9\/product\/ramon-allones-gigantes-cigar-single\/","url":"https:\/\/fireflydesigns.in\/wp9\/product\/ramon-allones-gigantes-cigar-single\/","name":"Ramon Allones Gigantes Cigar - Single - SHAVE &amp; COASTER","isPartOf":{"@id":"https:\/\/fireflydesigns.in\/wp9\/#website"},"primaryImageOfPage":{"@id":"https:\/\/fireflydesigns.in\/wp9\/product\/ramon-allones-gigantes-cigar-single\/#primaryimage"},"image":{"@id":"https:\/\/fireflydesigns.in\/wp9\/product\/ramon-allones-gigantes-cigar-single\/#primaryimage"},"thumbnailUrl":"https:\/\/fireflydesigns.in\/wp9\/wp-content\/uploads\/2025\/09\/ramonallonesgigantes-1.webp","datePublished":"2025-09-23T08:23:29+00:00","dateModified":"2026-03-27T09:33:08+00:00","breadcrumb":{"@id":"https:\/\/fireflydesigns.in\/wp9\/product\/ramon-allones-gigantes-cigar-single\/#breadcrumb"},"inLanguage":"en-US","potentialAction":[{"@type":"ReadAction","target":["https:\/\/fireflydesigns.in\/wp9\/product\/ramon-allones-gigantes-cigar-single\/"]}]},{"@type":"ImageObject","inLanguage":"en-US","@id":"https:\/\/fireflydesigns.in\/wp9\/product\/ramon-allones-gigantes-cigar-single\/#primaryimage","url":"https:\/\/fireflydesigns.in\/wp9\/wp-content\/uploads\/2025\/09\/ramonallonesgigantes-1.webp","contentUrl":"https:\/\/fireflydesigns.in\/wp9\/wp-content\/uploads\/2025\/09\/ramonallonesgigantes-1.webp","width":555,"height":555},{"@type":"BreadcrumbList","@id":"https:\/\/fireflydesigns.in\/wp9\/product\/ramon-allones-gigantes-cigar-single\/#breadcrumb","itemListElement":[{"@type":"ListItem","position":1,"name":"Home","item":"https:\/\/fireflydesigns.in\/wp9\/"},{"@type":"ListItem","position":2,"name":"Shop","item":"https:\/\/fireflydesigns.in\/wp9\/shop\/"},{"@type":"ListItem","position":3,"name":"Ramon Allones Gigantes Cigar &#8211; Single"}]},{"@type":"WebSite","@id":"https:\/\/fireflydesigns.in\/wp9\/#website","url":"https:\/\/fireflydesigns.in\/wp9\/","name":"SHAVE & COASTER","description":"The Tobacconist","publisher":{"@id":"https:\/\/fireflydesigns.in\/wp9\/#organization"},"potentialAction":[{"@type":"SearchAction","target":{"@type":"EntryPoint","urlTemplate":"https:\/\/fireflydesigns.in\/wp9\/?s={search_term_string}"},"query-input":{"@type":"PropertyValueSpecification","valueRequired":true,"valueName":"search_term_string"}}],"inLanguage":"en-US"},{"@type":"Organization","@id":"https:\/\/fireflydesigns.in\/wp9\/#organization","name":"SHAVE & COASTER","url":"https:\/\/fireflydesigns.in\/wp9\/","logo":{"@type":"ImageObject","inLanguage":"en-US","@id":"https:\/\/fireflydesigns.in\/wp9\/#\/schema\/logo\/image\/","url":"https:\/\/fireflydesigns.in\/wp9\/wp-content\/uploads\/2025\/09\/ShaveCoster.png","contentUrl":"https:\/\/fireflydesigns.in\/wp9\/wp-content\/uploads\/2025\/09\/ShaveCoster.png","width":1165,"height":241,"caption":"SHAVE & COASTER"},"image":{"@id":"https:\/\/fireflydesigns.in\/wp9\/#\/schema\/logo\/image\/"}}]}},"_links":{"self":[{"href":"https:\/\/fireflydesigns.in\/wp9\/wp-json\/wp\/v2\/product\/20502","targetHints":{"allow":["GET"]}}],"collection":[{"href":"https:\/\/fireflydesigns.in\/wp9\/wp-json\/wp\/v2\/product"}],"about":[{"href":"https:\/\/fireflydesigns.in\/wp9\/wp-json\/wp\/v2\/types\/product"}],"replies":[{"embeddable":true,"href":"https:\/\/fireflydesigns.in\/wp9\/wp-json\/wp\/v2\/comments?post=20502"}],"wp:featuredmedia":[{"embeddable":true,"href":"https:\/\/fireflydesigns.in\/wp9\/wp-json\/wp\/v2\/media\/21756"}],"wp:attachment":[{"href":"https:\/\/fireflydesigns.in\/wp9\/wp-json\/wp\/v2\/media?parent=20502"}],"wp:term":[{"taxonomy":"cigar-length","embeddable":true,"href":"https:\/\/fireflydesigns.in\/wp9\/wp-json\/wp\/v2\/cigar-length?post=20502"},{"taxonomy":"product_brand","embeddable":true,"href":"https:\/\/fireflydesigns.in\/wp9\/wp-json\/wp\/v2\/product_brand?post=20502"},{"taxonomy":"product_cat","embeddable":true,"href":"https:\/\/fireflydesigns.in\/wp9\/wp-json\/wp\/v2\/product_cat?post=20502"},{"taxonomy":"product_tag","embeddable":true,"href":"https:\/\/fireflydesigns.in\/wp9\/wp-json\/wp\/v2\/product_tag?post=20502"}],"curies":[{"name":"wp","href":"https:\/\/api.w.org\/{rel}","templated":true}]}}